{"id":4261,"date":"2022-07-26T11:56:20","date_gmt":"2022-07-26T11:56:20","guid":{"rendered":"http:\/\/contentation.com\/?page_id=4261"},"modified":"2024-02-15T10:54:01","modified_gmt":"2024-02-15T10:54:01","slug":"content-marketing","status":"publish","type":"page","link":"https:\/\/contentation.com\/pl\/content-marketing","title":{"rendered":"Content Marketing"},"content":{"rendered":"<div class=\"gb-container gb-container-02f415dc\">\n<div class=\"gb-container gb-container-9bb15b05 container\">\n<div class=\"gb-grid-wrapper gb-grid-wrapper-e92a92ae\">\n<div class=\"gb-grid-column gb-grid-column-13f4fad4\"><div class=\"gb-container gb-container-13f4fad4\">\n\n<figure class=\"gb-block-image gb-block-image-7dd52f9b\"><img loading=\"lazy\" decoding=\"async\" width=\"761\" height=\"541\" class=\"gb-image gb-image-7dd52f9b position-bottom height-fix\" src=\"https:\/\/contentation.com\/wp-content\/uploads\/2023\/11\/about-us-3.svg\" alt=\"\" title=\"about-us-3\"\/><\/figure>\n\n<\/div><\/div>\n\n<div class=\"gb-grid-column gb-grid-column-e24ed59f\"><div class=\"gb-container gb-container-e24ed59f\">\n\n<h1 class=\"gb-headline gb-headline-baac0ca9 gb-headline-text gb-headline-basic-h1\">Content Marketing<\/h1>\n\n\n\n<p class=\"gb-headline gb-headline-3b5e97ca gb-headline-text gb-headline-basic-paragraph\">Specjalizujemy si\u0119 w obszarze Content Marketingu, korzystaj\u0105c z naszego bogatego do\u015bwiadczenia w rozwijaniu w\u0142asnych serwis\u00f3w contentowych. Rozumiemy, \u017ce sukces w tej dziedzinie zale\u017cy od dok\u0142adnego researchu, trafnej selekcji fraz kluczowych odpowiadaj\u0105cych intencji u\u017cytkownik\u00f3w, oraz od tworzenia tre\u015bci, kt\u00f3re zyskuj\u0105 uznanie zar\u00f3wno w\u015br\u00f3d odbiorc\u00f3w, jak i algorytm\u00f3w wyszukiwarek. Nasze dzia\u0142ania koncentruj\u0105 si\u0119 na doradztwie, tworzeniu gotowych strategii content marketingowych oraz na tworzeniu jako\u015bciowych tre\u015bci.<\/p>\n\n\n\n<a class=\"gb-button gb-button-74c30a80 gb-button-text gb-button-orange-lg\" href=\"https:\/\/koalendar.com\/e\/spotkanie-z-kornel-szwaja\" target=\"_blank\" rel=\"noopener\">Um\u00f3w spotkanie<\/a>\n\n<\/div><\/div>\n<\/div>\n<\/div>\n<\/div>\n\n<div class=\"gb-container gb-container-d1f21ba5 container\">\n\n<h2 class=\"h-title\">Contentation <strong style=\"color:#13928B\">polecaj\u0105 najlepsi<\/strong><\/h2>\n\n\n\n<p class=\"gb-headline gb-headline-95faa4c7 gb-headline-text gb-headline-basic-paragraph\">Wiod\u0105ce marki z bran\u017cy SEO wypr\u00f3bowa\u0142y, przetestowa\u0142y i zatwierdzi\u0142y nasze profesjonalne rozwi\u0105zania w zakresie link buildingu.<\/p>\n\n\n<div class=\"gb-container gb-container-fd3a689b container\">\n\n<figure class=\"gb-block-image gb-block-image-ceea49bd\"><img loading=\"lazy\" decoding=\"async\" width=\"142\" height=\"40\" class=\"gb-image gb-image-ceea49bd\" src=\"https:\/\/contentation.com\/wp-content\/uploads\/2023\/11\/contadu_logo_ci-1.png\" alt=\"\" title=\"contadu_logo_ci-1\"\/><\/figure>\n\n\n\n<figure class=\"gb-block-image gb-block-image-b6ce5e42\"><img loading=\"lazy\" decoding=\"async\" width=\"147\" height=\"43\" class=\"gb-image gb-image-b6ce5e42\" src=\"https:\/\/contentation.com\/wp-content\/uploads\/2023\/11\/logo_Starcom-1.png\" alt=\"\" title=\"logo_Starcom-1\"\/><\/figure>\n\n\n\n<figure class=\"gb-block-image gb-block-image-fa0bc429\"><img loading=\"lazy\" decoding=\"async\" width=\"91\" height=\"40\" class=\"gb-image gb-image-fa0bc429\" src=\"https:\/\/contentation.com\/wp-content\/uploads\/2023\/11\/12031343_727234533_full-1.png\" alt=\"\" title=\"12031343_727234533_full-1\"\/><\/figure>\n\n\n\n<figure class=\"gb-block-image gb-block-image-a9f65743\"><img loading=\"lazy\" decoding=\"async\" width=\"139\" height=\"43\" class=\"gb-image gb-image-a9f65743\" src=\"https:\/\/contentation.com\/wp-content\/uploads\/2023\/11\/logo-o-1.png\" alt=\"\" title=\"logo-o-1\"\/><\/figure>\n\n\n\n<figure class=\"gb-block-image gb-block-image-d6df07f3\"><img loading=\"lazy\" decoding=\"async\" width=\"88\" height=\"39\" class=\"gb-image gb-image-d6df07f3\" src=\"https:\/\/contentation.com\/wp-content\/uploads\/2023\/11\/dietly-ve45-1.png\" alt=\"\" title=\"dietly-ve45-1\"\/><\/figure>\n\n\n\n<figure class=\"gb-block-image gb-block-image-12ceff6d\"><img loading=\"lazy\" decoding=\"async\" width=\"146\" height=\"37\" class=\"gb-image gb-image-12ceff6d\" src=\"https:\/\/contentation.com\/wp-content\/uploads\/2023\/11\/image-36.png\" alt=\"\" title=\"image-36\"\/><\/figure>\n\n<\/div>\n\n<div class=\"gb-container gb-container-200c7e36\">\n<div class=\"gb-container gb-container-e8d41728\">\n<div class=\"gb-grid-wrapper gb-grid-wrapper-e6f51937\">\n<div class=\"gb-grid-column gb-grid-column-1bd3f93b\"><div class=\"gb-container gb-container-1bd3f93b\">\n\n<figure class=\"gb-block-image gb-block-image-6ab0014c\"><img loading=\"lazy\" decoding=\"async\" width=\"636\" height=\"491\" class=\"gb-image gb-image-6ab0014c\" src=\"https:\/\/contentation.com\/wp-content\/uploads\/2023\/11\/image-35.png\" alt=\"\" title=\"image-35\" srcset=\"https:\/\/contentation.com\/wp-content\/uploads\/2023\/11\/image-35.png 636w, https:\/\/contentation.com\/wp-content\/uploads\/2023\/11\/image-35-300x232.png 300w\" sizes=\"auto, (max-width: 636px) 100vw, 636px\" \/><\/figure>\n\n<\/div><\/div>\n\n<div class=\"gb-grid-column gb-grid-column-d402daff\"><div class=\"gb-container gb-container-d402daff\">\n\n<h2 class=\"gb-headline gb-headline-305896cd gb-headline-text gb-headline-h2\"><strong><strong>Poznaj moc Content Marketingu<\/strong><\/strong><\/h2>\n\n\n\n<p class=\"gb-headline gb-headline-e4cc0e7e gb-headline-text gb-headline-basic-paragraph\">Je\u015bli poszukujesz skutecznego planu content marketingowego, lub potrzebujesz wsparcia w dziedzinie copywritingu, kt\u00f3ry bazuje na rzetelnych danych i bogatym do\u015bwiadczeniu, to jeste\u015bmy tu dla Ciebie. Zapraszamy do um\u00f3wienia si\u0119 na spotkanie z nami, gdzie om\u00f3wimy Twoje potrzeby i zaproponujemy indywidualnie dopasowane rozwi\u0105zania. Skontaktuj si\u0119 z nami, aby wsp\u00f3lnie osi\u0105gn\u0105\u0107 Twoje cele marketingowe.<\/p>\n\n\n\n<a class=\"gb-button gb-button-6a14c330 gb-button-text gb-button-orange-lg\" href=\"https:\/\/koalendar.com\/e\/spotkanie-z-kornel-szwaja\" target=\"_blank\" rel=\"noopener\">Um\u00f3w spotkanie<\/a>\n\n<\/div><\/div>\n<\/div>\n<\/div>\n<\/div>\n<\/div>","protected":false},"excerpt":{"rendered":"<p>Contentation polecaj\u0105 najlepsi Wiod\u0105ce marki z bran\u017cy SEO wypr\u00f3bowa\u0142y, przetestowa\u0142y i zatwierdzi\u0142y nasze profesjonalne rozwi\u0105zania w zakresie link buildingu.<\/p>\n","protected":false},"author":1,"featured_media":4560,"parent":0,"menu_order":0,"comment_status":"closed","ping_status":"closed","template":"","meta":{"footnotes":""},"class_list":["post-4261","page","type-page","status-publish","has-post-thumbnail","hentry"],"acf":[],"_links":{"self":[{"href":"https:\/\/contentation.com\/pl\/wp-json\/wp\/v2\/pages\/4261","targetHints":{"allow":["GET"]}}],"collection":[{"href":"https:\/\/contentation.com\/pl\/wp-json\/wp\/v2\/pages"}],"about":[{"href":"https:\/\/contentation.com\/pl\/wp-json\/wp\/v2\/types\/page"}],"author":[{"embeddable":true,"href":"https:\/\/contentation.com\/pl\/wp-json\/wp\/v2\/users\/1"}],"replies":[{"embeddable":true,"href":"https:\/\/contentation.com\/pl\/wp-json\/wp\/v2\/comments?post=4261"}],"version-history":[{"count":2,"href":"https:\/\/contentation.com\/pl\/wp-json\/wp\/v2\/pages\/4261\/revisions"}],"predecessor-version":[{"id":6965,"href":"https:\/\/contentation.com\/pl\/wp-json\/wp\/v2\/pages\/4261\/revisions\/6965"}],"wp:featuredmedia":[{"embeddable":true,"href":"https:\/\/contentation.com\/pl\/wp-json\/"}],"wp:attachment":[{"href":"https:\/\/contentation.com\/pl\/wp-json\/wp\/v2\/media?parent=4261"}],"curies":[{"name":"wp","href":"https:\/\/api.w.org\/{rel}","templated":true}]}}