{"id":6237,"date":"2023-11-20T21:32:14","date_gmt":"2023-11-20T21:32:14","guid":{"rendered":"https:\/\/contentation.local\/?page_id=6237"},"modified":"2024-02-15T10:54:43","modified_gmt":"2024-02-15T10:54:43","slug":"uslugi-seo","status":"publish","type":"page","link":"https:\/\/contentation.com\/pl\/uslugi-seo","title":{"rendered":"Us\u0142ugi SEO"},"content":{"rendered":"<div class=\"gb-container gb-container-02f415dc\">\n<div class=\"gb-container gb-container-9bb15b05 container\">\n<div class=\"gb-grid-wrapper gb-grid-wrapper-e92a92ae\">\n<div class=\"gb-grid-column gb-grid-column-13f4fad4\"><div class=\"gb-container gb-container-13f4fad4\">\n\n<figure class=\"gb-block-image gb-block-image-7dd52f9b\"><img loading=\"lazy\" decoding=\"async\" width=\"761\" height=\"541\" class=\"gb-image gb-image-7dd52f9b position-bottom height-fix\" src=\"https:\/\/contentation.com\/wp-content\/uploads\/2023\/11\/about-us-3.svg\" alt=\"\" title=\"about-us-3\"\/><\/figure>\n\n<\/div><\/div>\n\n<div class=\"gb-grid-column gb-grid-column-e24ed59f\"><div class=\"gb-container gb-container-e24ed59f\">\n\n<h1 class=\"gb-headline gb-headline-baac0ca9 gb-headline-text gb-headline-basic-h1\">Us\u0142ugi SEO<\/h1>\n\n\n\n<p class=\"gb-headline gb-headline-3b5e97ca gb-headline-text gb-headline-basic-paragraph\">Contentation to butikowa agencja, kt\u00f3ra wspiera kilkanastu partner\u00f3w w realizacji kompleksowych dzia\u0142a\u0144 SEO. Nasza unikatowa kombinacja wiedzy i ekspertyzy w zakresach technicznego SEO, content marketingu oraz link buildingu umo\u017cliwia nam tworzenie i wdra\u017canie skutecznych kampanii. Te starannie zaprojektowane strategie s\u0105 ukierunkowane na popraw\u0119 wynik\u00f3w i wzrost pozycji naszych klient\u00f3w, nawet w tych bran\u017cach, kt\u00f3re charakteryzuj\u0105 si\u0119 du\u017c\u0105 konkurencj\u0105 i wysokimi wymaganiami. Nasze podej\u015bcie pozwala na skuteczne prze\u0142amywanie barier rynkowych i osi\u0105ganie znacz\u0105cych sukces\u00f3w w wynikach organicznych.<\/p>\n\n\n\n<a class=\"gb-button gb-button-74c30a80 gb-button-text gb-button-orange-lg\" href=\"https:\/\/koalendar.com\/e\/spotkanie-z-kornel-szwaja\" target=\"_blank\" rel=\"noopener\">Um\u00f3w spotkanie<\/a>\n\n<\/div><\/div>\n<\/div>\n<\/div>\n<\/div>\n\n<div class=\"gb-container gb-container-d1f21ba5\">\n\n<h2 class=\"h-title\">Contentation <strong style=\"color:#13928B\">polecaj\u0105 najlepsi<\/strong><\/h2>\n\n\n\n<p class=\"gb-headline gb-headline-95faa4c7 gb-headline-text gb-headline-basic-paragraph\">Wiod\u0105ce marki z bran\u017cy SEO wypr\u00f3bowa\u0142y, przetestowa\u0142y i zatwierdzi\u0142y nasze profesjonalne rozwi\u0105zania w zakresie link buildingu.<\/p>\n\n\n<div class=\"gb-container gb-container-fd3a689b container\">\n\n<figure class=\"gb-block-image gb-block-image-ceea49bd\"><img loading=\"lazy\" decoding=\"async\" width=\"142\" height=\"40\" class=\"gb-image gb-image-ceea49bd\" src=\"https:\/\/contentation.com\/wp-content\/uploads\/2023\/11\/contadu_logo_ci-1.png\" alt=\"\" title=\"contadu_logo_ci-1\"\/><\/figure>\n\n\n\n<figure class=\"gb-block-image gb-block-image-b6ce5e42\"><img loading=\"lazy\" decoding=\"async\" width=\"147\" height=\"43\" class=\"gb-image gb-image-b6ce5e42\" src=\"https:\/\/contentation.com\/wp-content\/uploads\/2023\/11\/logo_Starcom-1.png\" alt=\"\" title=\"logo_Starcom-1\"\/><\/figure>\n\n\n\n<figure class=\"gb-block-image gb-block-image-fa0bc429\"><img loading=\"lazy\" decoding=\"async\" width=\"91\" height=\"40\" class=\"gb-image gb-image-fa0bc429\" src=\"https:\/\/contentation.com\/wp-content\/uploads\/2023\/11\/12031343_727234533_full-1.png\" alt=\"\" title=\"12031343_727234533_full-1\"\/><\/figure>\n\n\n\n<figure class=\"gb-block-image gb-block-image-a9f65743\"><img loading=\"lazy\" decoding=\"async\" width=\"139\" height=\"43\" class=\"gb-image gb-image-a9f65743\" src=\"https:\/\/contentation.com\/wp-content\/uploads\/2023\/11\/logo-o-1.png\" alt=\"\" title=\"logo-o-1\"\/><\/figure>\n\n\n\n<figure class=\"gb-block-image gb-block-image-d6df07f3\"><img loading=\"lazy\" decoding=\"async\" width=\"88\" height=\"39\" class=\"gb-image gb-image-d6df07f3\" src=\"https:\/\/contentation.com\/wp-content\/uploads\/2023\/11\/dietly-ve45-1.png\" alt=\"\" title=\"dietly-ve45-1\"\/><\/figure>\n\n\n\n<figure class=\"gb-block-image gb-block-image-12ceff6d\"><img loading=\"lazy\" decoding=\"async\" width=\"146\" height=\"37\" class=\"gb-image gb-image-12ceff6d\" src=\"https:\/\/contentation.com\/wp-content\/uploads\/2023\/11\/image-36.png\" alt=\"\" title=\"image-36\"\/><\/figure>\n\n<\/div>\n\n<div class=\"gb-container gb-container-200c7e36\">\n<div class=\"gb-container gb-container-e8d41728 container\">\n<div class=\"gb-grid-wrapper gb-grid-wrapper-e6f51937\">\n<div class=\"gb-grid-column gb-grid-column-1bd3f93b\"><div class=\"gb-container gb-container-1bd3f93b\">\n\n<figure class=\"gb-block-image gb-block-image-6ab0014c\"><img loading=\"lazy\" decoding=\"async\" width=\"636\" height=\"491\" class=\"gb-image gb-image-6ab0014c\" src=\"https:\/\/contentation.com\/wp-content\/uploads\/2023\/11\/image-35.png\" alt=\"\" title=\"image-35\" srcset=\"https:\/\/contentation.com\/wp-content\/uploads\/2023\/11\/image-35.png 636w, https:\/\/contentation.com\/wp-content\/uploads\/2023\/11\/image-35-300x232.png 300w\" sizes=\"auto, (max-width: 636px) 100vw, 636px\" \/><\/figure>\n\n<\/div><\/div>\n\n<div class=\"gb-grid-column gb-grid-column-d402daff\"><div class=\"gb-container gb-container-d402daff\">\n\n<h2 class=\"gb-headline gb-headline-305896cd gb-headline-text gb-headline-h2\"><strong>Porozmawiajmy o Twoim SEO<\/strong><\/h2>\n\n\n\n<p class=\"gb-headline gb-headline-e4cc0e7e gb-headline-text gb-headline-basic-paragraph\">Je\u015bli poszukujesz niezawodnego i do\u015bwiadczonego partnera, kt\u00f3ry pomo\u017ce Ci zbudowa\u0107 siln\u0105 obecno\u015b\u0107 Twojej marki w wynikach wyszukiwania, jeste\u015bmy gotowi podj\u0105\u0107 to wyzwanie. Gwarantujemy najwy\u017csz\u0105 jako\u015b\u0107 us\u0142ug, \u0142\u0105cz\u0105c dzia\u0142ania z obszaru technicznego SEO, rozwijania anga\u017cuj\u0105cego contentu oraz skutecznych dzia\u0142a\u0144 link buildingowych. Nasze zintegrowane podej\u015bcie jest kluczem do osi\u0105gni\u0119cia d\u0142ugotrwa\u0142ych i widocznych rezultat\u00f3w dla Twojej marki w dynamicznie zmieniaj\u0105cym si\u0119 \u015bwiecie algorytm\u00f3w wyszukiwarek internetowych.<\/p>\n\n\n\n<a class=\"gb-button gb-button-6a14c330 gb-button-text gb-button-orange-lg\" href=\"https:\/\/koalendar.com\/e\/spotkanie-z-kornel-szwaja\" target=\"_blank\" rel=\"noopener\">Um\u00f3w spotkanie<\/a>\n\n<\/div><\/div>\n<\/div>\n<\/div>\n<\/div>\n<\/div>","protected":false},"excerpt":{"rendered":"<p>Contentation polecaj\u0105 najlepsi Wiod\u0105ce marki z bran\u017cy SEO wypr\u00f3bowa\u0142y, przetestowa\u0142y i zatwierdzi\u0142y nasze profesjonalne rozwi\u0105zania w zakresie link buildingu.<\/p>\n","protected":false},"author":1,"featured_media":0,"parent":0,"menu_order":0,"comment_status":"closed","ping_status":"closed","template":"","meta":{"footnotes":""},"class_list":["post-6237","page","type-page","status-publish","hentry"],"acf":[],"_links":{"self":[{"href":"https:\/\/contentation.com\/pl\/wp-json\/wp\/v2\/pages\/6237","targetHints":{"allow":["GET"]}}],"collection":[{"href":"https:\/\/contentation.com\/pl\/wp-json\/wp\/v2\/pages"}],"about":[{"href":"https:\/\/contentation.com\/pl\/wp-json\/wp\/v2\/types\/page"}],"author":[{"embeddable":true,"href":"https:\/\/contentation.com\/pl\/wp-json\/wp\/v2\/users\/1"}],"replies":[{"embeddable":true,"href":"https:\/\/contentation.com\/pl\/wp-json\/wp\/v2\/comments?post=6237"}],"version-history":[{"count":1,"href":"https:\/\/contentation.com\/pl\/wp-json\/wp\/v2\/pages\/6237\/revisions"}],"predecessor-version":[{"id":6929,"href":"https:\/\/contentation.com\/pl\/wp-json\/wp\/v2\/pages\/6237\/revisions\/6929"}],"wp:attachment":[{"href":"https:\/\/contentation.com\/pl\/wp-json\/wp\/v2\/media?parent=6237"}],"curies":[{"name":"wp","href":"https:\/\/api.w.org\/{rel}","templated":true}]}}