{"id":6979,"date":"2022-07-26T10:38:42","date_gmt":"2022-07-26T10:38:42","guid":{"rendered":"https:\/\/contentation.local\/contact"},"modified":"2026-02-17T12:19:51","modified_gmt":"2026-02-17T12:19:51","slug":"contact","status":"publish","type":"page","link":"https:\/\/contentation.com\/pl\/contact","title":{"rendered":"Kontakt"},"content":{"rendered":"<div class=\"gb-container gb-container-6f373b5c\">\n\n<h1 class=\"gb-headline gb-headline-cc6232f2 gb-headline-text gb-headline-basic-h1\">Kontakt<\/h1>\n\n<\/div>\n\n<div class=\"gb-container gb-container-8ca9bc19 container\">\n<div class=\"gb-grid-wrapper gb-grid-wrapper-b7645b2e\">\n<div class=\"gb-grid-column gb-grid-column-ff6d035a\"><div class=\"gb-container gb-container-ff6d035a\">\n<div class=\"gb-container gb-container-14cbd59d\">\n\n<p class=\"gb-headline gb-headline-e1b6ed52 gb-headline-text\">hello@contentation.com<\/p>\n\n<\/div>\n<\/div><\/div>\n\n<div class=\"gb-grid-column gb-grid-column-59424f7b\"><div class=\"gb-container gb-container-59424f7b\">\n\n<h2 class=\"gb-headline gb-headline-16d7c4c4 gb-headline-text gb-headline-h4\"><strong>Dane Sp\u00f3\u0142ki<\/strong><\/h2>\n\n\n\n<p class=\"gb-headline gb-headline-11f01af3 gb-headline-text gb-headline-basic-paragraph\"><strong>Contentation Sp. z o.o.<\/strong><\/p>\n\n\n\n<p class=\"gb-headline gb-headline-b3223929 gb-headline-text\">ul. Jerzego Janosika 17, 71-424 Szczecin Poland<\/p>\n\n\n\n<p class=\"gb-headline gb-headline-d49701bc gb-headline-text\">National Court Register:: 0000871922<\/p>\n\n\n\n<p class=\"gb-headline gb-headline-947c0fa6 gb-headline-text\">NIP.: 8522668617<\/p>\n\n\n\n<p class=\"gb-headline gb-headline-9818d77f gb-headline-text\">REGON: 387628543<\/p>\n\n\n\n<p class=\"gb-headline gb-headline-3c3fc1e2 gb-headline-text\">Kapita\u0142 zak\u0142adowy: 77 200,00 z\u0142<\/p>\n\n\n\n<p><\/p>\n\n<\/div><\/div>\n<\/div>\n<\/div>\n\n\n<p><\/p>\n","protected":false},"excerpt":{"rendered":"<p>Kontakt<\/p>\n","protected":false},"author":1,"featured_media":0,"parent":0,"menu_order":0,"comment_status":"closed","ping_status":"closed","template":"","meta":{"footnotes":""},"class_list":["post-6979","page","type-page","status-publish","hentry"],"acf":[],"_links":{"self":[{"href":"https:\/\/contentation.com\/pl\/wp-json\/wp\/v2\/pages\/6979","targetHints":{"allow":["GET"]}}],"collection":[{"href":"https:\/\/contentation.com\/pl\/wp-json\/wp\/v2\/pages"}],"about":[{"href":"https:\/\/contentation.com\/pl\/wp-json\/wp\/v2\/types\/page"}],"author":[{"embeddable":true,"href":"https:\/\/contentation.com\/pl\/wp-json\/wp\/v2\/users\/1"}],"replies":[{"embeddable":true,"href":"https:\/\/contentation.com\/pl\/wp-json\/wp\/v2\/comments?post=6979"}],"version-history":[{"count":7,"href":"https:\/\/contentation.com\/pl\/wp-json\/wp\/v2\/pages\/6979\/revisions"}],"predecessor-version":[{"id":7226,"href":"https:\/\/contentation.com\/pl\/wp-json\/wp\/v2\/pages\/6979\/revisions\/7226"}],"wp:attachment":[{"href":"https:\/\/contentation.com\/pl\/wp-json\/wp\/v2\/media?parent=6979"}],"curies":[{"name":"wp","href":"https:\/\/api.w.org\/{rel}","templated":true}]}}