{"id":7004,"date":"2024-03-22T13:13:06","date_gmt":"2024-03-22T13:13:06","guid":{"rendered":"https:\/\/contentation.com\/?page_id=7004"},"modified":"2024-03-22T14:33:42","modified_gmt":"2024-03-22T14:33:42","slug":"case-studies","status":"publish","type":"page","link":"https:\/\/contentation.com\/pl\/case-studies","title":{"rendered":"Case studies"},"content":{"rendered":"<div class=\"gb-container gb-container-b9a09b8e\">\n\n<h1 class=\"gb-headline gb-headline-45baa32b gb-headline-text\">Case studies<\/h1>\n\n\n<div class=\"gb-grid-wrapper gb-grid-wrapper-a542b418\">\n<div class=\"gb-grid-column gb-grid-column-966e083a\"><div class=\"gb-container gb-container-966e083a\">\n\n<figure class=\"gb-block-image gb-block-image-d2986cd9\"><img loading=\"lazy\" decoding=\"async\" width=\"540\" height=\"540\" class=\"gb-image gb-image-d2986cd9\" src=\"https:\/\/contentation.com\/wp-content\/uploads\/2024\/03\/1080x1080-2.png\" alt=\"\" title=\"1080x1080-2\" srcset=\"https:\/\/contentation.com\/wp-content\/uploads\/2024\/03\/1080x1080-2.png 540w, https:\/\/contentation.com\/wp-content\/uploads\/2024\/03\/1080x1080-2-360x360.png 360w, https:\/\/contentation.com\/wp-content\/uploads\/2024\/03\/1080x1080-2-150x150.png 150w\" sizes=\"auto, (max-width: 540px) 100vw, 540px\" \/><\/figure>\n\n<\/div><\/div>\n\n<div class=\"gb-grid-column gb-grid-column-0203e125\"><div class=\"gb-container gb-container-0203e125\">\n\n<h2 class=\"gb-headline gb-headline-451e6979 gb-headline-text\"><a href=\"https:\/\/contentation.com\/pl\/case-study-dietly\" data-type=\"page\" data-id=\"7024\"><strong>Case Study Dietly.pl<\/strong> &#8211; jak zwi\u0119kszyli\u015bmy widoczno\u015b\u0107 marketplace z bran\u017cy catering\u00f3w dietetycznych<\/a><\/h2>\n\n<\/div><\/div>\n<\/div>\n\n\n<div style=\"height:45px\" aria-hidden=\"true\" class=\"wp-block-spacer\"><\/div>\n\n\n<div class=\"gb-grid-wrapper gb-grid-wrapper-a35bf853\">\n<div class=\"gb-grid-column gb-grid-column-6ce2fceb\"><div class=\"gb-container gb-container-6ce2fceb\">\n\n<figure class=\"gb-block-image gb-block-image-074c0278\"><img loading=\"lazy\" decoding=\"async\" width=\"540\" height=\"540\" class=\"gb-image gb-image-074c0278\" src=\"https:\/\/contentation.com\/wp-content\/uploads\/2024\/03\/dentity-case-study-1.png\" alt=\"\" title=\"dentity-case-study-1\" srcset=\"https:\/\/contentation.com\/wp-content\/uploads\/2024\/03\/dentity-case-study-1.png 540w, https:\/\/contentation.com\/wp-content\/uploads\/2024\/03\/dentity-case-study-1-360x360.png 360w, https:\/\/contentation.com\/wp-content\/uploads\/2024\/03\/dentity-case-study-1-150x150.png 150w\" sizes=\"auto, (max-width: 540px) 100vw, 540px\" \/><\/figure>\n\n<\/div><\/div>\n\n<div class=\"gb-grid-column gb-grid-column-0e28e7da\"><div class=\"gb-container gb-container-0e28e7da\">\n\n<h2 class=\"gb-headline gb-headline-6268457e gb-headline-text\"><a href=\"https:\/\/contentation.com\/pl\/dentity\" data-type=\"page\" data-id=\"7101\">Case Study \u2013 wzrost widoczno\u015bci serwis\u00f3w nale\u017c\u0105cych do grupy Dentity<\/a><\/h2>\n\n<\/div><\/div>\n<\/div>\n<\/div>","protected":false},"excerpt":{"rendered":"<p>Case studies<\/p>\n","protected":false},"author":1,"featured_media":0,"parent":0,"menu_order":0,"comment_status":"closed","ping_status":"closed","template":"","meta":{"footnotes":""},"class_list":["post-7004","page","type-page","status-publish","hentry"],"acf":[],"_links":{"self":[{"href":"https:\/\/contentation.com\/pl\/wp-json\/wp\/v2\/pages\/7004","targetHints":{"allow":["GET"]}}],"collection":[{"href":"https:\/\/contentation.com\/pl\/wp-json\/wp\/v2\/pages"}],"about":[{"href":"https:\/\/contentation.com\/pl\/wp-json\/wp\/v2\/types\/page"}],"author":[{"embeddable":true,"href":"https:\/\/contentation.com\/pl\/wp-json\/wp\/v2\/users\/1"}],"replies":[{"embeddable":true,"href":"https:\/\/contentation.com\/pl\/wp-json\/wp\/v2\/comments?post=7004"}],"version-history":[{"count":20,"href":"https:\/\/contentation.com\/pl\/wp-json\/wp\/v2\/pages\/7004\/revisions"}],"predecessor-version":[{"id":7135,"href":"https:\/\/contentation.com\/pl\/wp-json\/wp\/v2\/pages\/7004\/revisions\/7135"}],"wp:attachment":[{"href":"https:\/\/contentation.com\/pl\/wp-json\/wp\/v2\/media?parent=7004"}],"curies":[{"name":"wp","href":"https:\/\/api.w.org\/{rel}","templated":true}]}}