{"id":7024,"date":"2024-03-22T12:12:59","date_gmt":"2024-03-22T12:12:59","guid":{"rendered":"https:\/\/contentation.com\/?page_id=7024"},"modified":"2024-03-22T13:18:19","modified_gmt":"2024-03-22T13:18:19","slug":"case-study-dietly","status":"publish","type":"page","link":"https:\/\/contentation.com\/pl\/case-study-dietly","title":{"rendered":"Case Study Dietly.pl \u2013 jak zwi\u0119kszyli\u015bmy widoczno\u015b\u0107 marketplace z bran\u017cy catering\u00f3w dietetycznych"},"content":{"rendered":"<div class=\"gb-container gb-container-5406ca73\">\n<div class=\"gb-container gb-container-fdf07280\">\n<div class=\"gb-container gb-container-b5573041\">\n<div class=\"gb-container gb-container-136c50be\">\n\n<h1 class=\"gb-headline gb-headline-1cbbb856 gb-headline-text\">Case Study Dietly.pl\u00a0\u2013 jak zwi\u0119kszyli\u015bmy widoczno\u015b\u0107 marketplace z bran\u017cy catering\u00f3w dietetycznych<\/h1>\n\n\n\n<figure class=\"gb-block-image gb-block-image-ff598f78\"><img loading=\"lazy\" decoding=\"async\" width=\"845\" height=\"105\" class=\"gb-image gb-image-ff598f78\" src=\"https:\/\/contentation.com\/wp-content\/uploads\/2024\/03\/Group-27.png\" alt=\"\" title=\"Group-27\" srcset=\"https:\/\/contentation.com\/wp-content\/uploads\/2024\/03\/Group-27.png 845w, https:\/\/contentation.com\/wp-content\/uploads\/2024\/03\/Group-27-768x95.png 768w\" sizes=\"auto, (max-width: 845px) 100vw, 845px\" \/><\/figure>\n\n\n\n<p class=\"gb-headline gb-headline-f2f78d48 gb-headline-text\"><em>Dietly.pl to platforma marketplace, nale\u017c\u0105ca do \u017cabka group, kt\u00f3ra rewolucjonizuje spos\u00f3b wyszukiwania cateringu dietetycznego w Polsce. Umo\u017cliwia \u0142atwe por\u00f3wnywanie najlepszych ofert diet pude\u0142kowych. Bez wzgl\u0119du na to, czy poszukujesz diety odchudzaj\u0105cej czy z konkretnymi wykluczeniami, w dowolnym mie\u015bcie Polski, mo\u017cesz znale\u017a\u0107 idealn\u0105 opcj\u0119 za pomoc\u0105 zaawansowanych filtr\u00f3w. Proces ten jest szybki i eliminuje wcze\u015bniejsz\u0105 monotonno\u015b\u0107 oraz niepewno\u015b\u0107 co do jako\u015bci i dopasowania diety do indywidualnych potrzeb<\/em><\/p>\n\n\n\n<a class=\"gb-button gb-button-2803c7a6 gb-button-text gb-button-orange-lg\" href=\"#modal\">Zam\u00f3w bezp\u0142atn\u0105 strategi\u0119<\/a>\n\n<\/div>\n\n<div class=\"gb-container gb-container-2a81ab74\">\n<div class=\"gb-container gb-container-5cf397e0\">\n<div class=\"gb-grid-wrapper gb-grid-wrapper-d7bf1495\">\n<div class=\"gb-grid-column gb-grid-column-00e1106a\"><div class=\"gb-container gb-container-00e1106a\">\n\n<p class=\"gb-headline gb-headline-96e49593 gb-headline-text\">TOP<\/p>\n\n\n\n<p class=\"gb-headline gb-headline-ddf9447e gb-headline-text\">3<\/p>\n\n<\/div><\/div>\n\n<div class=\"gb-grid-column gb-grid-column-8a141f70\"><div class=\"gb-container gb-container-8a141f70\">\n\n<h2 class=\"gb-headline gb-headline-1cbf769a gb-headline-text stats-card__title\">+ 438%<\/h2>\n\n\n\n<h2 class=\"gb-headline gb-headline-0a6dea7e gb-headline-text\">Fraz w top 3<\/h2>\n\n<\/div><\/div>\n<\/div>\n<\/div>\n\n<div class=\"gb-container gb-container-45892fa9\">\n<div class=\"gb-grid-wrapper gb-grid-wrapper-79a9b209\">\n<div class=\"gb-grid-column gb-grid-column-0e41f5d2\"><div class=\"gb-container gb-container-0e41f5d2\">\n\n<p class=\"gb-headline gb-headline-05d0ae08 gb-headline-text\">TOP<\/p>\n\n\n\n<p class=\"gb-headline gb-headline-5b206b54 gb-headline-text\">10<\/p>\n\n<\/div><\/div>\n\n<div class=\"gb-grid-column gb-grid-column-f4260504\"><div class=\"gb-container gb-container-f4260504\">\n\n<h2 class=\"gb-headline gb-headline-dc286d67 gb-headline-text stats-card__title\">+ 270%<\/h2>\n\n\n\n<h2 class=\"gb-headline gb-headline-cdb3e0b6 gb-headline-text\">Fraz w top 10<\/h2>\n\n<\/div><\/div>\n<\/div>\n<\/div>\n\n<div class=\"gb-container gb-container-54cb202b\">\n<div class=\"gb-grid-wrapper gb-grid-wrapper-deb55b7c\">\n<div class=\"gb-grid-column gb-grid-column-3d813cf3\"><div class=\"gb-container gb-container-3d813cf3\">\n\n<p class=\"gb-headline gb-headline-832b796b gb-headline-text\">TOP<\/p>\n\n\n\n<p class=\"gb-headline gb-headline-cfd070f5 gb-headline-text\">50<\/p>\n\n<\/div><\/div>\n\n<div class=\"gb-grid-column gb-grid-column-0ddea4df\"><div class=\"gb-container gb-container-0ddea4df\">\n\n<h2 class=\"gb-headline gb-headline-3283f7c7 gb-headline-text stats-card__title\">+ 72%<\/h2>\n\n\n\n<h2 class=\"gb-headline gb-headline-fb6cd7c4 gb-headline-text\">Fraz w top 50<\/h2>\n\n<\/div><\/div>\n<\/div>\n<\/div>\n<\/div>\n<\/div>\n<\/div>\n<\/div>\n\n<div class=\"gb-container gb-container-b9a09b8e\">\n\n<div style=\"height:45px\" aria-hidden=\"true\" class=\"wp-block-spacer\"><\/div>\n\n\n<div class=\"gb-container gb-container-791233ca\">\n\n<h2 class=\"wp-block-heading\"><strong>Wyzwanie<\/strong><\/h2>\n\n\n\n<p>Dietly, wiod\u0105cy gracz na rynku zdrowej \u017cywno\u015bci, stan\u0119\u0142o przed istotnym wyzwaniem, kt\u00f3re znacz\u0105co wp\u0142ywa\u0142o na ich pozycj\u0119 w bran\u017cy. Firma od lat zmaga\u0142a si\u0119 z trendem bocznym, co oznacza\u0142o stagnacj\u0119 w zakresie widoczno\u015bci i ruchu organicznego na ich stronie internetowej. W obliczu tej sytuacji, Dietly zdecydowa\u0142o si\u0119 poszuka\u0107 nie tylko rozwi\u0105zania, ale przede wszystkim sprawdzonego partnera, kt\u00f3ry by\u0142by w stanie kompleksowo odpowiada\u0107 na ich potrzeby.<\/p>\n\n\n\n<p>G\u0142\u00f3wnym celem Dietly by\u0142o nie tylko prze\u0142amanie istniej\u0105cej stagnacji, ale przede wszystkim zwi\u0119kszenie widoczno\u015bci, zasi\u0119gu oraz obecno\u015bci w wynikach organicznych wyszukiwarek. Istotnym aspektem by\u0142o r\u00f3wnie\u017c podniesienie sprzeda\u017cy generowanej z ruchu organicznego, co mia\u0142o bezpo\u015bredni wp\u0142yw na dalszy rozw\u00f3j i ekspansj\u0119 firmy. Szukaj\u0105c partnera, kt\u00f3ry sprosta\u0142by tym wyzwaniom, Dietly mia\u0142o nadziej\u0119 na znacz\u0105c\u0105 zmian\u0119 swojej sytuacji na rynku, co umo\u017cliwi\u0142oby im nie tylko osi\u0105gni\u0119cie kr\u00f3tkoterminowych cel\u00f3w, ale r\u00f3wnie\u017c zbudowanie silnej i stabilnej pozycji na przysz\u0142o\u015b\u0107.<\/p>\n\n\n\n<h2 class=\"wp-block-heading\"><strong>Cele kampanii<\/strong><\/h2>\n\n\n\n<p>W ramach naszego strategicznego partnerstwa z Dietly, naszym priorytetem by\u0142o skonstruowanie cel\u00f3w kampanii, kt\u00f3re nie tylko odzwierciedla\u0142yby bezpo\u015brednie potrzeby firmy, ale r\u00f3wnie\u017c wyznacza\u0142y drog\u0119 do d\u0142ugoterminowego sukcesu i wzrostu. Te cele zosta\u0142y starannie zaprojektowane, aby zaspokoi\u0107 ambicj\u0119 Dietly w zakresie zwi\u0119kszenia widoczno\u015bci, poprawy obecno\u015bci w wynikach organicznych wyszukiwarek oraz dynamizacji sprzeda\u017cy.<\/p>\n\n\n\n<ul class=\"wp-block-list\">\n<li><strong>Wzrost widoczno\u015bci<\/strong> \u2013 zwi\u0119kszenie liczby s\u0142\u00f3w kluczowych, na kt\u00f3re witryna wy\u015bwietla si\u0119 w TOP 3 i TOP 10 wynik\u00f3w wyszukiwania.<\/li>\n\n\n\n<li><strong>Wzrost ruchu organicznego <\/strong>\u2013 wzrost liczby odwiedzin witryny z bezp\u0142atnych wynik\u00f3w wyszukiwania Google.<\/li>\n\n\n\n<li><strong>Wzrost sprzeda\u017cowy z ruchu organicznego <\/strong>\u2013 podniesienie ilo\u015bci sprzeda\u017cy rok do roku z ruchu organicznego.<\/li>\n<\/ul>\n\n\n\n<h2 class=\"wp-block-heading\"><strong>Podj\u0119te dzia\u0142ania<\/strong><\/h2>\n\n\n\n<ol class=\"wp-block-list\">\n<li>Audyt SEO<\/li>\n\n\n\n<li>Semantyczne SEO<\/li>\n\n\n\n<li>Linkowanie wewn\u0119trzne i zewn\u0119trzne<\/li>\n\n\n\n<li>Analiza link gap i content gap<\/li>\n\n\n\n<li>Monitoring dzia\u0142a\u0144<\/li>\n<\/ol>\n\n\n\n<h3 class=\"wp-block-heading\"><strong>Audyt SEO<\/strong><\/h3>\n\n\n\n<p>Pocz\u0105tek wsp\u00f3\u0142pracy z Dietly.pl, podobnie jak w przypadku ka\u017cdego projektu, rozpoczyna si\u0119 od wykonania Audytu technicznego SEO. Jest to kluczowy etap, kt\u00f3ry umo\u017cliwia dostosowanie serwisu do technicznych wymaga\u0144 wyszukiwarek internetowych. Poprzez zwi\u0119kszenie cz\u0119stotliwo\u015bci bud\u017cetu crawlingowego oraz ograniczenie technicznych problem\u00f3w, zapewniamy solidn\u0105 podstaw\u0119 do prowadzenia efektywnych dzia\u0142a\u0144 marketingowych online. Audyt ten stanowi pierwszy i najwa\u017cniejszy krok w kierunku poprawy widoczno\u015bci strony w wynikach wyszukiwania.<\/p>\n\n\n\n<h3 class=\"wp-block-heading\"><strong>Semantyczne SEO<\/strong><\/h3>\n\n\n\n<p>Po zako\u0144czeniu audytu technicznego SEO, kolejnym krokiem w naszej wsp\u00f3\u0142pracy z Dietly.pl jest praca nad contentem, w ramach semantycznego SEO. Naszym celem jest edukacja u\u017cytkownik\u00f3w, poprzez dotarcie do os\u00f3b potencjalnie zainteresowanych zmian\u0105 nawyk\u00f3w \u017cywieniowych. Skupiamy si\u0119 na tych, kt\u00f3rzy pragn\u0105 rozpocz\u0105\u0107 zdrowe od\u017cywianie, chc\u0105 zrzuci\u0107 zb\u0119dne kilogramy, lub zmagaj\u0105 si\u0119 z potrzeb\u0105 specjalistycznego \u017cywienia. Nasza strategia contentowa zosta\u0142a podzielona na trzy kluczowe etapy: rozw\u00f3j tre\u015bci (content development), usuwanie tre\u015bci przestarza\u0142ych i niskiej jako\u015bci (content pruning) oraz od\u015bwie\u017canie tre\u015bci jako\u015bciowych, kt\u00f3re wymagaj\u0105 dostosowania do obecnych standard\u00f3w, (content refresh).&nbsp;<\/p>\n\n\n\n<h4 class=\"wp-block-heading\"><strong>Content development<\/strong><\/h4>\n\n\n\n<p>W ramach pierwszego etapu naszej strategii contentowej, czyli rozwoju tre\u015bci, skupili\u015bmy si\u0119 przede wszystkim na wysy\u0142aniu jako\u015bciowych sygna\u0142\u00f3w do wyszukiwarek poprzez produkcj\u0119 nowego contentu. Nasz\u0105 uwag\u0119 skoncentrowali\u015bmy na frazach wysoko wolumenowych, kt\u00f3re s\u0105 bezpo\u015brednio zwi\u0105zane przede wszystkim ze specjalistycznymi dietami i dietami z wykluczeniami. Dzi\u0119ki temu jeste\u015bmy w stanie nie tylko przyci\u0105gn\u0105\u0107 uwag\u0119 os\u00f3b poszukuj\u0105cych informacji o specyficznych sposobach od\u017cywiania, ale r\u00f3wnie\u017c zwi\u0119kszy\u0107 nasz\u0105 widoczno\u015b\u0107 w obszarach szczeg\u00f3lnie istotnych dla dzia\u0142alno\u015bci naszego partnera.<\/p>\n\n\n\n<h4 class=\"wp-block-heading\"><strong>Content pruning<\/strong><\/h4>\n\n\n\n<p>W kolejnym etapie naszej strategii contentowej, zwanym przycinaniem tre\u015bci (Content Pruning), skoncentrowali\u015bmy si\u0119 na eliminacji tre\u015bci uznanych za nieaktualne lub nieprzynosz\u0105ce warto\u015bci u\u017cytkownikom. Dokonali\u015bmy starannej analizy, bior\u0105c pod uwag\u0119 daty publikacji oraz ilo\u015b\u0107 klikni\u0119\u0107 generowanych przez poszczeg\u00f3lne artyku\u0142y w ci\u0105gu ostatnich 6 miesi\u0119cy. W szczeg\u00f3lno\u015bci, artyku\u0142y historyczne, datowane na lata 2018-2020, kt\u00f3re nie anga\u017cowa\u0142y u\u017cytkownik\u00f3w i nie przedstawia\u0142y mo\u017cliwo\u015bci optymalizacji, zosta\u0142y usuni\u0119te z serwisu. To selektywne podej\u015bcie pozwoli\u0142o nam na zwi\u0119kszenie klarowno\u015bci i skupienie si\u0119 na tre\u015bciach, kt\u00f3re faktycznie przyci\u0105gaj\u0105 uwag\u0119 i s\u0105 warto\u015bciowe dla naszych odbiorc\u00f3w<\/p>\n\n\n\n<h4 class=\"wp-block-heading\"><strong>Content refresh<\/strong><\/h4>\n\n\n\n<p>W ostatnim etapie naszej strategii contentowej skupili\u015bmy si\u0119 na od\u015bwie\u017caniu specjalistycznych tre\u015bci, w tym tak\u017ce tych autorstwa dietetyk\u00f3w, aby lepiej dostosowa\u0107 je do g\u0142\u00f3wnych i pobocznych fraz kluczowych oraz spe\u0142ni\u0107 wymagania jako\u015bciowe wyszukiwarek. Dzi\u0119ki temu procesowi, nasze materia\u0142y sta\u0142y si\u0119 bardziej atrakcyjne zar\u00f3wno dla u\u017cytkownik\u00f3w, jak i algorytm\u00f3w wyszukiwania<\/p>\n\n\n\n<h3 class=\"wp-block-heading\"><strong>Linkowanie wewn\u0119trzne i zewn\u0119trzne<\/strong><\/h3>\n\n\n\n<p>W ramach naszej wsp\u00f3\u0142pracy, du\u017cy nacisk k\u0142adziemy r\u00f3wnie\u017c na linkowanie wewn\u0119trzne i zewn\u0119trzne, kt\u00f3re jest kluczowym elementem procesu optymalizacji. Skupiamy si\u0119 na stworzeniu sieci powi\u0105za\u0144 semantycznych pomi\u0119dzy najwa\u017cniejszymi listingami lokalnymi oraz tre\u015bciami na stronie klienta, kt\u00f3re wzajemnie si\u0119 uzupe\u0142niaj\u0105. Taki uk\u0142ad pozwala na lepsz\u0105 nawigacj\u0119 u\u017cytkownika i podnosi warto\u015b\u0107 informacyjn\u0105 serwisu. Jednocze\u015bnie, zadbali\u015bmy o dostarczenie jako\u015bciowych sygna\u0142\u00f3w zewn\u0119trznych poprzez starannie wyselekcjonowane linki wychodz\u0105ce oraz budowanie jako\u015bciowego i naturalnego profilu link\u00f3w przychodz\u0105cych<\/p>\n\n\n\n<h3 class=\"wp-block-heading\"><strong>Analiza link gap i content gap<\/strong><\/h3>\n\n\n\n<p>Analiza link gap i content gap stanowi kluczowy element monitorowania \u015brodowiska konkurencyjnego oraz podejmowanych dzia\u0142a\u0144 w ramach naszej strategii SEO. Na bie\u017c\u0105co analizujemy, w jaki spos\u00f3b nasi konkurenci podchodz\u0105 do rozwoju swojego contentu, identyfikuj\u0105c obszary, w kt\u00f3rych nasza oferta tre\u015bci mo\u017ce by\u0107 niepe\u0142na lub wymaga wzmocnienia &#8211; to w\u0142a\u015bnie te luki contentowe staramy si\u0119 uzupe\u0142nia\u0107. Jednocze\u015bnie, dok\u0142adnie obserwujemy strategie budowy link\u00f3w prowadzone przez konkurencj\u0119, aby zrozumie\u0107, jak mo\u017cemy poprawi\u0107 nasze w\u0142asne dzia\u0142ania w tym obszarze. Ta ci\u0105g\u0142a analiza pozwala nam nie tylko na wyr\u00f3\u017cnienie si\u0119 na tle innych, ale r\u00f3wnie\u017c na efektywne dostosowywanie naszych strategii, aby zapewni\u0107 maksymaln\u0105 widoczno\u015b\u0107 i atrakcyjno\u015b\u0107 serwisu naszego partnera.<\/p>\n\n\n\n<h2 class=\"wp-block-heading\"><strong><\/strong><\/h2>\n\n\n\n<h2 class=\"wp-block-heading\"><strong>Wyniki<\/strong><\/h2>\n\n\n\n<p>Od momentu rozpocz\u0119cia naszej wsp\u00f3\u0142pracy, klient mo\u017ce liczy\u0107 na diametraln\u0105 zmian\u0119 jako\u015bci serwisu oraz znacz\u0105cy wzrost jego widoczno\u015bci w wynikach wyszukiwania. W ci\u0105gu 15 miesi\u0119cy naszej wsp\u00f3\u0142pracy odnotowali\u015bmy:<\/p>\n\n\n<div class=\"gb-container gb-container-853cd31b\">\n<div class=\"gb-grid-wrapper gb-grid-wrapper-9f2a5cf9\">\n<div class=\"gb-grid-column gb-grid-column-271247b2\"><div class=\"gb-container gb-container-271247b2\">\n\n<p class=\"gb-headline gb-headline-8eec70e8 gb-headline-text\">Frazy TOP 3<\/p>\n\n\n\n<p class=\"gb-headline gb-headline-6fa459e6 gb-headline-text\">3 533 (<strong>+ 438%<\/strong>)<\/p>\n\n<\/div><\/div>\n\n<div class=\"gb-grid-column gb-grid-column-89c806d5\"><div class=\"gb-container gb-container-89c806d5\">\n\n<p class=\"gb-headline gb-headline-bf859c62 gb-headline-text\">Frazy TOP 10<\/p>\n\n\n\n<p class=\"gb-headline gb-headline-5ce1fe0e gb-headline-text\">10 399 (<strong>+270%<\/strong>)<\/p>\n\n<\/div><\/div>\n\n<div class=\"gb-grid-column gb-grid-column-ed6cc071\"><div class=\"gb-container gb-container-ed6cc071\">\n\n<p class=\"gb-headline gb-headline-daf56e5c gb-headline-text\">Frazy TOP 50<\/p>\n\n\n\n<p class=\"gb-headline gb-headline-2cf2eff2 gb-headline-text\">31 421 (<strong>+72%<\/strong>)<\/p>\n\n<\/div><\/div>\n<\/div>\n<\/div>\n\n\n<p>Wzrost widoczno\u015bci w TOP 3 i TOP 10 wynik\u00f3w wyszukiwania Google:<\/p>\n\n\n<div class=\"gb-container gb-container-e03241ea\">\n\n<figure class=\"gb-block-image gb-block-image-0f53d3d6\"><img loading=\"lazy\" decoding=\"async\" width=\"820\" height=\"389\" class=\"gb-image gb-image-0f53d3d6\" src=\"https:\/\/contentation.com\/wp-content\/uploads\/2024\/03\/dietly-1.png\" srcset=\"https:\/\/contentation.com\/wp-content\/uploads\/2024\/03\/dietly-1.png 820w, https:\/\/contentation.com\/wp-content\/uploads\/2024\/03\/dietly-1-768x364.png 768w\" sizes=\"auto, (max-width: 820px) 100vw, 820px\" \/><\/figure>\n\n<\/div>\n\n\n<p><em>\u0179r\u00f3d\u0142o: SENUTO<\/em><\/p>\n\n\n\n<p>Ponad 4 krotny, estymowany poziom wzrostu ruchu organicznego:<\/p>\n\n\n<div class=\"gb-container gb-container-5a4eb33a\">\n\n<figure class=\"gb-block-image gb-block-image-1bdd0635\"><img loading=\"lazy\" decoding=\"async\" width=\"810\" height=\"406\" class=\"gb-image gb-image-1bdd0635\" src=\"https:\/\/contentation.com\/wp-content\/uploads\/2024\/03\/dietly-2.png\" srcset=\"https:\/\/contentation.com\/wp-content\/uploads\/2024\/03\/dietly-2.png 810w, https:\/\/contentation.com\/wp-content\/uploads\/2024\/03\/dietly-2-768x385.png 768w\" sizes=\"auto, (max-width: 810px) 100vw, 810px\" \/><\/figure>\n\n<\/div>\n\n\n<p><em>\u0179r\u00f3d\u0142o: AHREFS<\/em><\/p>\n\n\n\n<h2 class=\"gb-headline gb-headline-df5c596e gb-headline-text\"><strong>Komentarz do wynik\u00f3w<\/strong><\/h2>\n\n\n<div class=\"gb-container gb-container-f1331fb4\">\n<div class=\"gb-container gb-container-b81146ac\">\n\n<figure class=\"gb-block-image gb-block-image-d3870710\"><img loading=\"lazy\" decoding=\"async\" width=\"526\" height=\"410\" class=\"gb-image gb-image-d3870710\" src=\"https:\/\/contentation.com\/wp-content\/uploads\/2024\/02\/image-37.png\" alt=\"\" title=\"image-37\"\/><\/figure>\n\n<\/div>\n\n<div class=\"gb-container gb-container-2c415412\">\n\n<p class=\"gb-headline gb-headline-d6ecb0da gb-headline-text\"><em>Pawe\u0142 Pawluk<\/em><\/p>\n\n\n\n<p class=\"gb-headline gb-headline-f6a0c94f gb-headline-text\">C<em><em>hief Revenue Officer Contentation<\/em><\/em><\/p>\n\n\n\n<p class=\"gb-headline gb-headline-2a7066c2 gb-headline-text\">Holistyczne podej\u015bcie do wynik\u00f3w oraz po\u0142\u0105czenie wiedzy i do\u015bwiadczenia naszych specjalist\u00f3w zagwarantowa\u0142o sukces tej kampanii. Jeste\u015bmy niezwykle dumni, \u017ce mo\u017cemy przyczyni\u0107 si\u0119 do wzrostu i rozwoju biznesu Dietly, b\u0119d\u0105c odpowiedzialni za jego zwi\u0119kszon\u0105 widoczno\u015b\u0107 i obecno\u015b\u0107 w wyszukiwarce.<\/p>\n\n<\/div>\n<\/div>\n\n\n<h2 class=\"gb-headline gb-headline-6098a375 gb-headline-text\"><strong>Komentarz partnera<\/strong><\/h2>\n\n\n<div class=\"gb-container gb-container-7fb48355\">\n<div class=\"gb-container gb-container-daaaf6ec\">\n\n<figure class=\"gb-block-image gb-block-image-0b2cc6a0\"><img loading=\"lazy\" decoding=\"async\" width=\"241\" height=\"240\" class=\"gb-image gb-image-0b2cc6a0\" src=\"https:\/\/contentation.com\/wp-content\/uploads\/2024\/02\/waldemar-pieniak.7caf41fe.jpg\" alt=\"\" title=\"waldemar-pieniak.7caf41fe\" srcset=\"https:\/\/contentation.com\/wp-content\/uploads\/2024\/02\/waldemar-pieniak.7caf41fe.jpg 241w, https:\/\/contentation.com\/wp-content\/uploads\/2024\/02\/waldemar-pieniak.7caf41fe-150x150.jpg 150w\" sizes=\"auto, (max-width: 241px) 100vw, 241px\" \/><\/figure>\n\n<\/div>\n\n<div class=\"gb-container gb-container-305c570e\">\n\n<p class=\"gb-headline gb-headline-43c82f5a gb-headline-text\">Waldemar Pieniak<\/p>\n\n\n\n<p class=\"gb-headline gb-headline-8149c875 gb-headline-text\"><em>Co-founder &amp; CPO Dietly.pl<\/em><\/p>\n\n\n\n<p class=\"gb-headline gb-headline-66bea415 gb-headline-text\">Wsp\u00f3\u0142praca z Contentation okaza\u0142a si\u0119 by\u0107 strza\u0142em w dziesi\u0105tk\u0119 dla naszej firmy. Ich holistyczne podej\u015bcie, umiej\u0119tno\u015b\u0107 podejmowania trafnych decyzji oraz g\u0142\u0119bokie rozumienie specyfiki naszego biznesu pozwalaj\u0105 na efektywne i celowe dzia\u0142ania.<\/p>\n\n<\/div>\n<\/div>\n\n\n<p><\/p>\n\n\n\n<h2 class=\"gb-headline gb-headline-bc43ee9a gb-headline-text\">Zadbaj o wzrost Twojego biznesu online! <\/h2>\n\n\n\n<a class=\"gb-button gb-button-1dad419c gb-button-text gb-button-orange-lg\" href=\"#modal\">Zam\u00f3w bezp\u0142atn\u0105 strategi\u0119<\/a>\n\n\n\n<p><\/p>\n\n\n<div class=\"gb-container gb-container-f0deb4d7 modal-backdrop\" id=\"modal\">\n<div class=\"gb-container gb-container-9aee0048 modal-content\">\n\n<a class=\"gb-button gb-button-165ee563 close\" href=\"#modal-trigger-section\"><span class=\"gb-icon\"><svg height=\"25\" width=\"25\" fill=\"none\" viewBox=\"0 0 26 26\">\n                  <path fill=\"#303030\" d=\"M3.373 0 .78 2.593 10.797 12.61.78 22.627l2.593 2.593L13.39 15.203 23.407 25.22 26 22.627 15.983 12.61 26 2.593 23.407 0 13.39 10.017 3.373 0z\"><\/path>\n                <\/svg><\/span><\/a>\n\n\n\n<h2 class=\"gb-headline gb-headline-b814d893 gb-headline-text\">Zam\u00f3w bezp\u0142atn\u0105 strategi\u0119<\/h2>\n\n\n\n<p class=\"gb-headline gb-headline-b8ee783e gb-headline-text gb-headline-basic-paragraph\">Uzupe\u0142nij poni\u017cszy formularz, nasz specjalista skontaktuje si\u0119 z Tob\u0105, aby bli\u017cej pozna\u0107 Twoje potrzeby i przygotowa\u0107 strategi\u0119.<\/p>\n\n\n\n<div class=\"wpcf7 no-js\" id=\"wpcf7-f6821-o1\" lang=\"pl-PL\" dir=\"ltr\" data-wpcf7-id=\"6821\">\n<div class=\"screen-reader-response\"><p role=\"status\" aria-live=\"polite\" aria-atomic=\"true\"><\/p> <ul><\/ul><\/div>\n<form action=\"\/pl\/wp-json\/wp\/v2\/pages\/7024#wpcf7-f6821-o1\" method=\"post\" class=\"wpcf7-form init\" aria-label=\"Formularz kontaktowy\" novalidate=\"novalidate\" data-status=\"init\">\n<fieldset class=\"hidden-fields-container\"><input type=\"hidden\" name=\"_wpcf7\" value=\"6821\" \/><input type=\"hidden\" name=\"_wpcf7_version\" value=\"6.1.3\" \/><input type=\"hidden\" name=\"_wpcf7_locale\" value=\"pl_PL\" \/><input type=\"hidden\" name=\"_wpcf7_unit_tag\" value=\"wpcf7-f6821-o1\" \/><input type=\"hidden\" name=\"_wpcf7_container_post\" value=\"0\" \/><input type=\"hidden\" name=\"_wpcf7_posted_data_hash\" value=\"\" \/>\n<\/fieldset>\n<p><label> Numer Telefonu <span class=\"req\">Pole wymagane<\/span><br \/>\n<span class=\"wpcf7-form-control-wrap\" data-name=\"tel-924\"><input size=\"40\" maxlength=\"400\" class=\"wpcf7-form-control wpcf7-tel wpcf7-validates-as-required wpcf7-text wpcf7-validates-as-tel\" aria-required=\"true\" aria-invalid=\"false\" value=\"\" type=\"tel\" name=\"tel-924\" \/><\/span> <\/label>\n<\/p>\n<p><label> Adres e-mail<br \/>\n<span class=\"wpcf7-form-control-wrap\" data-name=\"your-email\"><input size=\"40\" maxlength=\"400\" class=\"wpcf7-form-control wpcf7-email wpcf7-text wpcf7-validates-as-email\" autocomplete=\"email\" aria-invalid=\"false\" value=\"\" type=\"email\" name=\"your-email\" \/><\/span> <\/label>\n<\/p>\n<p><label> Imi\u0119 i nazwisko<br \/>\n<span class=\"wpcf7-form-control-wrap\" data-name=\"your-name\"><input size=\"40\" maxlength=\"400\" class=\"wpcf7-form-control wpcf7-text\" autocomplete=\"name\" aria-invalid=\"false\" value=\"\" type=\"text\" name=\"your-name\" \/><\/span> <\/label>\n<\/p>\n<p><span class=\"wpcf7-form-control-wrap\" data-name=\"acceptance-330\"><span class=\"wpcf7-form-control wpcf7-acceptance optional\"><span class=\"wpcf7-list-item\"><label><input type=\"checkbox\" name=\"acceptance-330\" value=\"1\" aria-invalid=\"false\" \/><span class=\"wpcf7-list-item-label\">Zapozna\u0142em si\u0119 z <a href=\"https:\/\/contentation.com\/pl\/polityka-prywatnosci\">Polityk\u0105 Prywatno\u015bci<\/a> i <a href=\"https:\/\/contentation.com\/pl\/regulamin\">Regulaminem<\/a> oraz akceptuj\u0119 ich tre\u015b\u0107.<\/span><\/label><\/span><\/span><\/span>\n<\/p>\n<p><input class=\"wpcf7-form-control wpcf7-submit has-spinner\" type=\"submit\" value=\"Wy\u015blij\" \/>\n<\/p><div class=\"wpcf7-response-output\" aria-hidden=\"true\"><\/div>\n<\/form>\n<\/div>\n\n\n<\/div>\n<\/div>\n\n\n<p><\/p>\n\n<\/div>\n<\/div>","protected":false},"excerpt":{"rendered":"<p>Case Study Dietly.pl\u00a0\u2013 jak zwi\u0119kszyli\u015bmy widoczno\u015b\u0107 marketplace z bran\u017cy catering\u00f3w dietetycznych Dietly.pl to platforma marketplace, nale\u017c\u0105ca do \u017cabka group, kt\u00f3ra rewolucjonizuje spos\u00f3b wyszukiwania cateringu dietetycznego w Polsce. Umo\u017cliwia \u0142atwe por\u00f3wnywanie najlepszych ofert diet pude\u0142kowych. Bez wzgl\u0119du na to, czy poszukujesz diety odchudzaj\u0105cej czy z konkretnymi wykluczeniami, w dowolnym mie\u015bcie Polski, mo\u017cesz znale\u017a\u0107 idealn\u0105 opcj\u0119 za [&hellip;]<\/p>\n","protected":false},"author":1,"featured_media":7007,"parent":0,"menu_order":0,"comment_status":"closed","ping_status":"closed","template":"","meta":{"footnotes":""},"class_list":["post-7024","page","type-page","status-publish","has-post-thumbnail","hentry"],"acf":[],"_links":{"self":[{"href":"https:\/\/contentation.com\/pl\/wp-json\/wp\/v2\/pages\/7024","targetHints":{"allow":["GET"]}}],"collection":[{"href":"https:\/\/contentation.com\/pl\/wp-json\/wp\/v2\/pages"}],"about":[{"href":"https:\/\/contentation.com\/pl\/wp-json\/wp\/v2\/types\/page"}],"author":[{"embeddable":true,"href":"https:\/\/contentation.com\/pl\/wp-json\/wp\/v2\/users\/1"}],"replies":[{"embeddable":true,"href":"https:\/\/contentation.com\/pl\/wp-json\/wp\/v2\/comments?post=7024"}],"version-history":[{"count":46,"href":"https:\/\/contentation.com\/pl\/wp-json\/wp\/v2\/pages\/7024\/revisions"}],"predecessor-version":[{"id":7100,"href":"https:\/\/contentation.com\/pl\/wp-json\/wp\/v2\/pages\/7024\/revisions\/7100"}],"wp:featuredmedia":[{"embeddable":true,"href":"https:\/\/contentation.com\/pl\/wp-json\/wp\/v2\/media\/7007"}],"wp:attachment":[{"href":"https:\/\/contentation.com\/pl\/wp-json\/wp\/v2\/media?parent=7024"}],"curies":[{"name":"wp","href":"https:\/\/api.w.org\/{rel}","templated":true}]}}