{"id":7207,"date":"2025-03-13T16:14:04","date_gmt":"2025-03-13T16:14:04","guid":{"rendered":"https:\/\/contentation.com\/?page_id=7207"},"modified":"2025-03-13T16:18:25","modified_gmt":"2025-03-13T16:18:25","slug":"ue","status":"publish","type":"page","link":"https:\/\/contentation.com\/pl\/ue","title":{"rendered":""},"content":{"rendered":"<div class=\"gb-container gb-container-3e6e9b4c\">\n\n<figure class=\"gb-block-image gb-block-image-c9ba629d\"><img loading=\"lazy\" decoding=\"async\" width=\"3248\" height=\"238\" class=\"gb-image gb-image-c9ba629d\" src=\"https:\/\/contentation.com\/wp-content\/uploads\/2025\/03\/Ciag_pozioma_kolor_bez_tla.png\" alt=\"\" title=\"Ciag_pozioma_kolor_bez_tla\" srcset=\"https:\/\/contentation.com\/wp-content\/uploads\/2025\/03\/Ciag_pozioma_kolor_bez_tla.png 3248w, https:\/\/contentation.com\/wp-content\/uploads\/2025\/03\/Ciag_pozioma_kolor_bez_tla-1024x75.png 1024w, https:\/\/contentation.com\/wp-content\/uploads\/2025\/03\/Ciag_pozioma_kolor_bez_tla-768x56.png 768w, https:\/\/contentation.com\/wp-content\/uploads\/2025\/03\/Ciag_pozioma_kolor_bez_tla-1536x113.png 1536w, https:\/\/contentation.com\/wp-content\/uploads\/2025\/03\/Ciag_pozioma_kolor_bez_tla-2048x150.png 2048w\" sizes=\"auto, (max-width: 3248px) 100vw, 3248px\" \/><\/figure>\n\n\n\n<h1 class=\"wp-block-heading\">Tytu\u0142 projektu: Automatyczne Tworzenie Portali Tematycznych z Wykorzystaniem Wielu modeli Sztucznej Inteligencji\u00a0<\/h1>\n\n\n\n<p>Przedmiotem projektu jest stworzenie zaawansowanego systemu opartego na AI, kt\u00f3ry umo\u017cliwi automatyzacj\u0119 procesu tworzenia, zarz\u0105dzania i optymalizacji tre\u015bci na tematycznych portalach internetowych. System b\u0119dzie efektywnie analizowa\u0142 trendy rynkowe, automatycznie generowa\u0142 tre\u015bci pod k\u0105tem SEO i wykorzystywa\u0142 wygas\u0142e domeny dla lepszego pozycjonowania stron w wynikach wyszukiwania w celu zwi\u0119kszenia widoczno\u015bci i firm w \u015brodowisku online.&nbsp;<\/p>\n\n\n\n<p>W ramach Zadania 1 zostan\u0105 przeprowadzone badania przemys\u0142owe, skupiaj\u0105ce si\u0119 przede wszystkim na opracowaniu innowacyjnych algorytm\u00f3w i modeli sztucznej inteligencji, a tak\u017ce pozyskaniu nowej wiedzy w tej dziedzinie. Zadanie zosta\u0142o podzielone na 3 etapy.&nbsp;&nbsp;<\/p>\n\n\n\n<p>W ramach Zadania 2 zostan\u0105 przeprowadzone prace rozwojowe, maj\u0105ce na celu przetestowanie opracowanych na etapie bada\u0144 przemys\u0142owych narz\u0119dzi w warunkach operacyjnych, a tak\u017ce planowana jest integracja wszystkich opracowanych wcze\u015bniej modu\u0142\u00f3w docelowego rozwi\u0105zania, maj\u0105ca na celu weryfikacj\u0119 poprawno\u015bci dzia\u0142ania rezultatu modu\u0142u B+R. Zadanie zosta\u0142o podzielone na 4 etapy.&nbsp;<\/p>\n\n\n\n<p>Efektem realizacji projektu b\u0119dzie wykorzystanie AI do innowacyjnego i zautomatyzowanego zarz\u0105dzania tre\u015bciami na portalach internetowych w celu zmaksymalizowania efektywno\u015bci i minimalizacji interwencji cz\u0142owieka w procesie tworzenia, zarz\u0105dzania i optymalizacji tre\u015bci, z naciskiem na optymalizacj\u0119 SEO i popraw\u0119 widoczno\u015bci online. Zak\u0142ada si\u0119 szybk\u0105 adaptacj\u0119 do zmieniaj\u0105cych si\u0119 trend\u00f3w rynkowych, oferuj\u0105c skalowalne i uniwersalne rozwi\u0105zanie zdolne do obs\u0142ugi r\u00f3\u017cnorodnych tre\u015bci i bran\u017c.&nbsp;<\/p>\n\n\n\n<p>Warto\u015b\u0107 projektu: 4 074 654,18 PLN&nbsp;<\/p>\n\n\n\n<p>Wysoko\u015b\u0107 wk\u0142adu Funduszy Europejskich: 3 044 793,33 PLN&nbsp;<\/p>\n\n\n\n<p>#FunduszeUE #FunduszeEuropejskie&nbsp;<\/p>\n\n<\/div>","protected":false},"excerpt":{"rendered":"<p>Tytu\u0142 projektu: Automatyczne Tworzenie Portali Tematycznych z Wykorzystaniem Wielu modeli Sztucznej Inteligencji\u00a0 Przedmiotem projektu jest stworzenie zaawansowanego systemu opartego na AI, kt\u00f3ry umo\u017cliwi automatyzacj\u0119 procesu tworzenia, zarz\u0105dzania i optymalizacji tre\u015bci na tematycznych portalach internetowych. System b\u0119dzie efektywnie analizowa\u0142 trendy rynkowe, automatycznie generowa\u0142 tre\u015bci pod k\u0105tem SEO i wykorzystywa\u0142 wygas\u0142e domeny dla lepszego pozycjonowania stron w [&hellip;]<\/p>\n","protected":false},"author":1,"featured_media":0,"parent":0,"menu_order":0,"comment_status":"closed","ping_status":"closed","template":"","meta":{"footnotes":""},"class_list":["post-7207","page","type-page","status-publish","hentry"],"acf":[],"_links":{"self":[{"href":"https:\/\/contentation.com\/pl\/wp-json\/wp\/v2\/pages\/7207","targetHints":{"allow":["GET"]}}],"collection":[{"href":"https:\/\/contentation.com\/pl\/wp-json\/wp\/v2\/pages"}],"about":[{"href":"https:\/\/contentation.com\/pl\/wp-json\/wp\/v2\/types\/page"}],"author":[{"embeddable":true,"href":"https:\/\/contentation.com\/pl\/wp-json\/wp\/v2\/users\/1"}],"replies":[{"embeddable":true,"href":"https:\/\/contentation.com\/pl\/wp-json\/wp\/v2\/comments?post=7207"}],"version-history":[{"count":5,"href":"https:\/\/contentation.com\/pl\/wp-json\/wp\/v2\/pages\/7207\/revisions"}],"predecessor-version":[{"id":7215,"href":"https:\/\/contentation.com\/pl\/wp-json\/wp\/v2\/pages\/7207\/revisions\/7215"}],"wp:attachment":[{"href":"https:\/\/contentation.com\/pl\/wp-json\/wp\/v2\/media?parent=7207"}],"curies":[{"name":"wp","href":"https:\/\/api.w.org\/{rel}","templated":true}]}}